{"id":105,"date":"2023-08-30T15:02:59","date_gmt":"2023-08-30T13:02:59","guid":{"rendered":"http:\/\/ugsckls.cluster021.hosting.ovh.net\/?page_id=105"},"modified":"2023-09-04T12:35:16","modified_gmt":"2023-09-04T10:35:16","slug":"elementor-page-105","status":"publish","type":"page","link":"https:\/\/www.lecomptoirdespassions.com\/?page_id=105","title":{"rendered":"Atelier Enfants"},"content":{"rendered":"\t\t<div data-elementor-type=\"wp-page\" data-elementor-id=\"105\" class=\"elementor elementor-105\">\n\t\t\t\t<div class=\"elementor-element elementor-element-7fff209 e-con-full e-flex e-con e-parent\" data-id=\"7fff209\" data-element_type=\"container\" data-e-type=\"container\" data-settings=\"{&quot;background_background&quot;:&quot;classic&quot;}\">\n\t\t\t\t<div class=\"elementor-element elementor-element-4c8e220 hfe-nav-menu__align-center hfe-submenu-icon-classic hfe-nav-menu__breakpoint-mobile hfe-submenu-animation-none hfe-link-redirect-child elementor-widget elementor-widget-navigation-menu\" data-id=\"4c8e220\" data-element_type=\"widget\" data-e-type=\"widget\" data-settings=\"{&quot;padding_horizontal_menu_item&quot;:{&quot;unit&quot;:&quot;px&quot;,&quot;size&quot;:15,&quot;sizes&quot;:[]},&quot;padding_horizontal_menu_item_tablet&quot;:{&quot;unit&quot;:&quot;px&quot;,&quot;size&quot;:&quot;&quot;,&quot;sizes&quot;:[]},&quot;padding_horizontal_menu_item_mobile&quot;:{&quot;unit&quot;:&quot;px&quot;,&quot;size&quot;:&quot;&quot;,&quot;sizes&quot;:[]},&quot;padding_vertical_menu_item&quot;:{&quot;unit&quot;:&quot;px&quot;,&quot;size&quot;:15,&quot;sizes&quot;:[]},&quot;padding_vertical_menu_item_tablet&quot;:{&quot;unit&quot;:&quot;px&quot;,&quot;size&quot;:&quot;&quot;,&quot;sizes&quot;:[]},&quot;padding_vertical_menu_item_mobile&quot;:{&quot;unit&quot;:&quot;px&quot;,&quot;size&quot;:&quot;&quot;,&quot;sizes&quot;:[]},&quot;menu_space_between&quot;:{&quot;unit&quot;:&quot;px&quot;,&quot;size&quot;:&quot;&quot;,&quot;sizes&quot;:[]},&quot;menu_space_between_tablet&quot;:{&quot;unit&quot;:&quot;px&quot;,&quot;size&quot;:&quot;&quot;,&quot;sizes&quot;:[]},&quot;menu_space_between_mobile&quot;:{&quot;unit&quot;:&quot;px&quot;,&quot;size&quot;:&quot;&quot;,&quot;sizes&quot;:[]},&quot;menu_row_space&quot;:{&quot;unit&quot;:&quot;px&quot;,&quot;size&quot;:&quot;&quot;,&quot;sizes&quot;:[]},&quot;menu_row_space_tablet&quot;:{&quot;unit&quot;:&quot;px&quot;,&quot;size&quot;:&quot;&quot;,&quot;sizes&quot;:[]},&quot;menu_row_space_mobile&quot;:{&quot;unit&quot;:&quot;px&quot;,&quot;size&quot;:&quot;&quot;,&quot;sizes&quot;:[]},&quot;dropdown_border_radius&quot;:{&quot;unit&quot;:&quot;px&quot;,&quot;top&quot;:&quot;&quot;,&quot;right&quot;:&quot;&quot;,&quot;bottom&quot;:&quot;&quot;,&quot;left&quot;:&quot;&quot;,&quot;isLinked&quot;:true},&quot;dropdown_border_radius_tablet&quot;:{&quot;unit&quot;:&quot;px&quot;,&quot;top&quot;:&quot;&quot;,&quot;right&quot;:&quot;&quot;,&quot;bottom&quot;:&quot;&quot;,&quot;left&quot;:&quot;&quot;,&quot;isLinked&quot;:true},&quot;dropdown_border_radius_mobile&quot;:{&quot;unit&quot;:&quot;px&quot;,&quot;top&quot;:&quot;&quot;,&quot;right&quot;:&quot;&quot;,&quot;bottom&quot;:&quot;&quot;,&quot;left&quot;:&quot;&quot;,&quot;isLinked&quot;:true},&quot;width_dropdown_item&quot;:{&quot;unit&quot;:&quot;px&quot;,&quot;size&quot;:&quot;220&quot;,&quot;sizes&quot;:[]},&quot;width_dropdown_item_tablet&quot;:{&quot;unit&quot;:&quot;px&quot;,&quot;size&quot;:&quot;&quot;,&quot;sizes&quot;:[]},&quot;width_dropdown_item_mobile&quot;:{&quot;unit&quot;:&quot;px&quot;,&quot;size&quot;:&quot;&quot;,&quot;sizes&quot;:[]},&quot;padding_horizontal_dropdown_item&quot;:{&quot;unit&quot;:&quot;px&quot;,&quot;size&quot;:&quot;&quot;,&quot;sizes&quot;:[]},&quot;padding_horizontal_dropdown_item_tablet&quot;:{&quot;unit&quot;:&quot;px&quot;,&quot;size&quot;:&quot;&quot;,&quot;sizes&quot;:[]},&quot;padding_horizontal_dropdown_item_mobile&quot;:{&quot;unit&quot;:&quot;px&quot;,&quot;size&quot;:&quot;&quot;,&quot;sizes&quot;:[]},&quot;padding_vertical_dropdown_item&quot;:{&quot;unit&quot;:&quot;px&quot;,&quot;size&quot;:15,&quot;sizes&quot;:[]},&quot;padding_vertical_dropdown_item_tablet&quot;:{&quot;unit&quot;:&quot;px&quot;,&quot;size&quot;:&quot;&quot;,&quot;sizes&quot;:[]},&quot;padding_vertical_dropdown_item_mobile&quot;:{&quot;unit&quot;:&quot;px&quot;,&quot;size&quot;:&quot;&quot;,&quot;sizes&quot;:[]},&quot;distance_from_menu&quot;:{&quot;unit&quot;:&quot;px&quot;,&quot;size&quot;:&quot;&quot;,&quot;sizes&quot;:[]},&quot;distance_from_menu_tablet&quot;:{&quot;unit&quot;:&quot;px&quot;,&quot;size&quot;:&quot;&quot;,&quot;sizes&quot;:[]},&quot;distance_from_menu_mobile&quot;:{&quot;unit&quot;:&quot;px&quot;,&quot;size&quot;:&quot;&quot;,&quot;sizes&quot;:[]},&quot;toggle_size&quot;:{&quot;unit&quot;:&quot;px&quot;,&quot;size&quot;:&quot;&quot;,&quot;sizes&quot;:[]},&quot;toggle_size_tablet&quot;:{&quot;unit&quot;:&quot;px&quot;,&quot;size&quot;:&quot;&quot;,&quot;sizes&quot;:[]},&quot;toggle_size_mobile&quot;:{&quot;unit&quot;:&quot;px&quot;,&quot;size&quot;:&quot;&quot;,&quot;sizes&quot;:[]},&quot;toggle_border_width&quot;:{&quot;unit&quot;:&quot;px&quot;,&quot;size&quot;:&quot;&quot;,&quot;sizes&quot;:[]},&quot;toggle_border_width_tablet&quot;:{&quot;unit&quot;:&quot;px&quot;,&quot;size&quot;:&quot;&quot;,&quot;sizes&quot;:[]},&quot;toggle_border_width_mobile&quot;:{&quot;unit&quot;:&quot;px&quot;,&quot;size&quot;:&quot;&quot;,&quot;sizes&quot;:[]},&quot;toggle_border_radius&quot;:{&quot;unit&quot;:&quot;px&quot;,&quot;size&quot;:&quot;&quot;,&quot;sizes&quot;:[]},&quot;toggle_border_radius_tablet&quot;:{&quot;unit&quot;:&quot;px&quot;,&quot;size&quot;:&quot;&quot;,&quot;sizes&quot;:[]},&quot;toggle_border_radius_mobile&quot;:{&quot;unit&quot;:&quot;px&quot;,&quot;size&quot;:&quot;&quot;,&quot;sizes&quot;:[]}}\" data-widget_type=\"navigation-menu.default\">\n\t\t\t\t<div class=\"elementor-widget-container\">\n\t\t\t\t\t\t\t\t<div class=\"hfe-nav-menu hfe-layout-horizontal hfe-nav-menu-layout horizontal hfe-pointer__none\" data-layout=\"horizontal\">\n\t\t\t\t<div role=\"button\" class=\"hfe-nav-menu__toggle elementor-clickable\" tabindex=\"0\" aria-label=\"Menu Toggle\">\n\t\t\t\t\t<span class=\"screen-reader-text\">Menu<\/span>\n\t\t\t\t\t<div class=\"hfe-nav-menu-icon\">\n\t\t\t\t\t\t<svg aria-hidden=\"true\"  class=\"e-font-icon-svg e-fas-align-justify\" viewBox=\"0 0 448 512\" xmlns=\"http:\/\/www.w3.org\/2000\/svg\"><path d=\"M432 416H16a16 16 0 0 0-16 16v32a16 16 0 0 0 16 16h416a16 16 0 0 0 16-16v-32a16 16 0 0 0-16-16zm0-128H16a16 16 0 0 0-16 16v32a16 16 0 0 0 16 16h416a16 16 0 0 0 16-16v-32a16 16 0 0 0-16-16zm0-128H16a16 16 0 0 0-16 16v32a16 16 0 0 0 16 16h416a16 16 0 0 0 16-16v-32a16 16 0 0 0-16-16zm0-128H16A16 16 0 0 0 0 48v32a16 16 0 0 0 16 16h416a16 16 0 0 0 16-16V48a16 16 0 0 0-16-16z\"><\/path><\/svg>\t\t\t\t\t<\/div>\n\t\t\t\t<\/div>\n\t\t\t\t<nav class=\"hfe-nav-menu__layout-horizontal hfe-nav-menu__submenu-classic\" data-toggle-icon=\"&lt;svg aria-hidden=&quot;true&quot; tabindex=&quot;0&quot; class=&quot;e-font-icon-svg e-fas-align-justify&quot; viewBox=&quot;0 0 448 512&quot; xmlns=&quot;http:\/\/www.w3.org\/2000\/svg&quot;&gt;&lt;path d=&quot;M432 416H16a16 16 0 0 0-16 16v32a16 16 0 0 0 16 16h416a16 16 0 0 0 16-16v-32a16 16 0 0 0-16-16zm0-128H16a16 16 0 0 0-16 16v32a16 16 0 0 0 16 16h416a16 16 0 0 0 16-16v-32a16 16 0 0 0-16-16zm0-128H16a16 16 0 0 0-16 16v32a16 16 0 0 0 16 16h416a16 16 0 0 0 16-16v-32a16 16 0 0 0-16-16zm0-128H16A16 16 0 0 0 0 48v32a16 16 0 0 0 16 16h416a16 16 0 0 0 16-16V48a16 16 0 0 0-16-16z&quot;&gt;&lt;\/path&gt;&lt;\/svg&gt;\" data-close-icon=\"&lt;svg aria-hidden=&quot;true&quot; tabindex=&quot;0&quot; class=&quot;e-font-icon-svg e-far-window-close&quot; viewBox=&quot;0 0 512 512&quot; xmlns=&quot;http:\/\/www.w3.org\/2000\/svg&quot;&gt;&lt;path d=&quot;M464 32H48C21.5 32 0 53.5 0 80v352c0 26.5 21.5 48 48 48h416c26.5 0 48-21.5 48-48V80c0-26.5-21.5-48-48-48zm0 394c0 3.3-2.7 6-6 6H54c-3.3 0-6-2.7-6-6V86c0-3.3 2.7-6 6-6h404c3.3 0 6 2.7 6 6v340zM356.5 194.6L295.1 256l61.4 61.4c4.6 4.6 4.6 12.1 0 16.8l-22.3 22.3c-4.6 4.6-12.1 4.6-16.8 0L256 295.1l-61.4 61.4c-4.6 4.6-12.1 4.6-16.8 0l-22.3-22.3c-4.6-4.6-4.6-12.1 0-16.8l61.4-61.4-61.4-61.4c-4.6-4.6-4.6-12.1 0-16.8l22.3-22.3c4.6-4.6 12.1-4.6 16.8 0l61.4 61.4 61.4-61.4c4.6-4.6 12.1-4.6 16.8 0l22.3 22.3c4.7 4.6 4.7 12.1 0 16.8z&quot;&gt;&lt;\/path&gt;&lt;\/svg&gt;\" data-full-width=\"yes\">\n\t\t\t\t\t<ul id=\"menu-1-4c8e220\" class=\"hfe-nav-menu\"><li id=\"menu-item-141\" class=\"menu-item menu-item-type-custom menu-item-object-custom parent hfe-creative-menu\"><a href=\"http:\/\/lecomptoirdespassions.com\" class = \"hfe-menu-item\">Accueil<\/a><\/li>\n<li id=\"menu-item-347\" class=\"menu-item menu-item-type-post_type menu-item-object-page parent hfe-creative-menu\"><a href=\"https:\/\/www.lecomptoirdespassions.com\/?page_id=332\" class = \"hfe-menu-item\">Planning<\/a><\/li>\n<li id=\"menu-item-470\" class=\"menu-item menu-item-type-post_type menu-item-object-page parent hfe-creative-menu\"><a href=\"https:\/\/www.lecomptoirdespassions.com\/?page_id=464\" class = \"hfe-menu-item\">Espaces de ventes<\/a><\/li>\n<li id=\"menu-item-142\" class=\"menu-item menu-item-type-post_type menu-item-object-page parent hfe-creative-menu\"><a href=\"https:\/\/www.lecomptoirdespassions.com\/?page_id=96\" class = \"hfe-menu-item\">Mat\u00e9riels &#038; Accessoires<\/a><\/li>\n<li id=\"menu-item-143\" class=\"menu-item menu-item-type-post_type menu-item-object-page parent hfe-creative-menu\"><a href=\"https:\/\/www.lecomptoirdespassions.com\/?page_id=105\" class = \"hfe-menu-item\">Atelier Enfants<\/a><\/li>\n<li id=\"menu-item-144\" class=\"menu-item menu-item-type-post_type menu-item-object-page parent hfe-creative-menu\"><a href=\"https:\/\/www.lecomptoirdespassions.com\/?page_id=117\" class = \"hfe-menu-item\">Atelier Adultes<\/a><\/li>\n<li id=\"menu-item-584\" class=\"menu-item menu-item-type-post_type menu-item-object-page parent hfe-creative-menu\"><a href=\"https:\/\/www.lecomptoirdespassions.com\/?page_id=582\" class = \"hfe-menu-item\">R\u00e9alisations<\/a><\/li>\n<li id=\"menu-item-145\" class=\"menu-item menu-item-type-post_type menu-item-object-page parent hfe-creative-menu\"><a href=\"https:\/\/www.lecomptoirdespassions.com\/?page_id=126\" class = \"hfe-menu-item\">Contact<\/a><\/li>\n<\/ul> \n\t\t\t\t<\/nav>\n\t\t\t<\/div>\n\t\t\t\t\t\t\t<\/div>\n\t\t\t\t<\/div>\n\t\t\t\t<div class=\"elementor-element elementor-element-af7a733 elementor-widget elementor-widget-image\" data-id=\"af7a733\" data-element_type=\"widget\" data-e-type=\"widget\" data-widget_type=\"image.default\">\n\t\t\t\t<div class=\"elementor-widget-container\">\n\t\t\t\t\t\t\t\t\t\t\t\t\t\t\t<img fetchpriority=\"high\" decoding=\"async\" width=\"1969\" height=\"648\" src=\"https:\/\/www.lecomptoirdespassions.com\/wp-content\/uploads\/2023\/08\/cropped-Logo-LCDP-2023-1-e1693410491238.jpeg\" class=\"attachment-full size-full wp-image-23\" alt=\"\" srcset=\"https:\/\/www.lecomptoirdespassions.com\/wp-content\/uploads\/2023\/08\/cropped-Logo-LCDP-2023-1-e1693410491238.jpeg 1969w, https:\/\/www.lecomptoirdespassions.com\/wp-content\/uploads\/2023\/08\/cropped-Logo-LCDP-2023-1-e1693410491238-300x99.jpeg 300w, https:\/\/www.lecomptoirdespassions.com\/wp-content\/uploads\/2023\/08\/cropped-Logo-LCDP-2023-1-e1693410491238-1024x337.jpeg 1024w, https:\/\/www.lecomptoirdespassions.com\/wp-content\/uploads\/2023\/08\/cropped-Logo-LCDP-2023-1-e1693410491238-768x253.jpeg 768w, https:\/\/www.lecomptoirdespassions.com\/wp-content\/uploads\/2023\/08\/cropped-Logo-LCDP-2023-1-e1693410491238-1536x505.jpeg 1536w\" sizes=\"(max-width: 1969px) 100vw, 1969px\" \/>\t\t\t\t\t\t\t\t\t\t\t\t\t\t\t<\/div>\n\t\t\t\t<\/div>\n\t\t\t\t<\/div>\n\t\t<div class=\"elementor-element elementor-element-79172fb e-flex e-con-boxed e-con e-parent\" data-id=\"79172fb\" data-element_type=\"container\" data-e-type=\"container\">\n\t\t\t\t\t<div class=\"e-con-inner\">\n\t\t\t\t<div class=\"elementor-element elementor-element-d6ba9cf elementor-widget elementor-widget-text-editor\" data-id=\"d6ba9cf\" data-element_type=\"widget\" data-e-type=\"widget\" data-widget_type=\"text-editor.default\">\n\t\t\t\t<div class=\"elementor-widget-container\">\n\t\t\t\t\t\t\t\t\t<h2 style=\"text-align: center;\"><strong>Voici l&rsquo;atelier pour les enfants<\/strong><\/h2><p style=\"text-align: center;\">Il est au m\u00eame niveau que le magasin ce qui permet d&rsquo;\u00e9changer facilement\u00a0<\/p>\t\t\t\t\t\t\t\t<\/div>\n\t\t\t\t<\/div>\n\t\t\t\t\t<\/div>\n\t\t\t\t<\/div>\n\t\t<div class=\"elementor-element elementor-element-8aa1664 e-flex e-con-boxed e-con e-parent\" data-id=\"8aa1664\" data-element_type=\"container\" data-e-type=\"container\">\n\t\t\t\t\t<div class=\"e-con-inner\">\n\t\t\t\t<div class=\"elementor-element elementor-element-4145212 elementor-widget elementor-widget-image\" data-id=\"4145212\" data-element_type=\"widget\" data-e-type=\"widget\" data-widget_type=\"image.default\">\n\t\t\t\t<div class=\"elementor-widget-container\">\n\t\t\t\t\t\t\t\t\t\t\t\t\t\t\t<img decoding=\"async\" width=\"1019\" height=\"1024\" src=\"https:\/\/www.lecomptoirdespassions.com\/wp-content\/uploads\/2023\/08\/Ateliers-enfants-e1693396549251-1019x1024.jpg\" class=\"attachment-large size-large wp-image-68\" alt=\"\" srcset=\"https:\/\/www.lecomptoirdespassions.com\/wp-content\/uploads\/2023\/08\/Ateliers-enfants-e1693396549251-1019x1024.jpg 1019w, https:\/\/www.lecomptoirdespassions.com\/wp-content\/uploads\/2023\/08\/Ateliers-enfants-e1693396549251-298x300.jpg 298w, https:\/\/www.lecomptoirdespassions.com\/wp-content\/uploads\/2023\/08\/Ateliers-enfants-e1693396549251-150x150.jpg 150w, https:\/\/www.lecomptoirdespassions.com\/wp-content\/uploads\/2023\/08\/Ateliers-enfants-e1693396549251-768x772.jpg 768w, https:\/\/www.lecomptoirdespassions.com\/wp-content\/uploads\/2023\/08\/Ateliers-enfants-e1693396549251.jpg 1392w\" sizes=\"(max-width: 1019px) 100vw, 1019px\" \/>\t\t\t\t\t\t\t\t\t\t\t\t\t\t\t<\/div>\n\t\t\t\t<\/div>\n\t\t\t\t\t<\/div>\n\t\t\t\t<\/div>\n\t\t\t\t<\/div>\n\t\t","protected":false},"excerpt":{"rendered":"<p>Menu Accueil Espaces de ventes Mat\u00e9riels &#038; Accessoires Atelier Enfants Atelier Adultes R\u00e9alisations Planning Contact Voici l&rsquo;atelier pour les enfants Il est au m\u00eame niveau que le magasin ce qui permet d&rsquo;\u00e9changer facilement\u00a0<\/p>\n","protected":false},"author":1,"featured_media":0,"parent":0,"menu_order":0,"comment_status":"closed","ping_status":"closed","template":"","meta":{"ocean_post_layout":"full-screen","ocean_both_sidebars_style":"","ocean_both_sidebars_content_width":0,"ocean_both_sidebars_sidebars_width":0,"ocean_sidebar":"0","ocean_second_sidebar":"0","ocean_disable_margins":"enable","ocean_add_body_class":"","ocean_shortcode_before_top_bar":"","ocean_shortcode_after_top_bar":"","ocean_shortcode_before_header":"","ocean_shortcode_after_header":"","ocean_has_shortcode":"","ocean_shortcode_after_title":"","ocean_shortcode_before_footer_widgets":"","ocean_shortcode_after_footer_widgets":"","ocean_shortcode_before_footer_bottom":"","ocean_shortcode_after_footer_bottom":"","ocean_display_top_bar":"off","ocean_display_header":"off","ocean_header_style":"","ocean_center_header_left_menu":"0","ocean_custom_header_template":"0","ocean_custom_logo":0,"ocean_custom_retina_logo":0,"ocean_custom_logo_max_width":0,"ocean_custom_logo_tablet_max_width":0,"ocean_custom_logo_mobile_max_width":0,"ocean_custom_logo_max_height":0,"ocean_custom_logo_tablet_max_height":0,"ocean_custom_logo_mobile_max_height":0,"ocean_header_custom_menu":"3","ocean_menu_typo_font_family":"0","ocean_menu_typo_font_subset":"","ocean_menu_typo_font_size":0,"ocean_menu_typo_font_size_tablet":0,"ocean_menu_typo_font_size_mobile":0,"ocean_menu_typo_font_size_unit":"px","ocean_menu_typo_font_weight":"","ocean_menu_typo_font_weight_tablet":"","ocean_menu_typo_font_weight_mobile":"","ocean_menu_typo_transform":"","ocean_menu_typo_transform_tablet":"","ocean_menu_typo_transform_mobile":"","ocean_menu_typo_line_height":0,"ocean_menu_typo_line_height_tablet":0,"ocean_menu_typo_line_height_mobile":0,"ocean_menu_typo_line_height_unit":"","ocean_menu_typo_spacing":0,"ocean_menu_typo_spacing_tablet":0,"ocean_menu_typo_spacing_mobile":0,"ocean_menu_typo_spacing_unit":"","ocean_menu_link_color":"","ocean_menu_link_color_hover":"","ocean_menu_link_color_active":"","ocean_menu_link_background":"","ocean_menu_link_hover_background":"","ocean_menu_link_active_background":"","ocean_menu_social_links_bg":"","ocean_menu_social_hover_links_bg":"","ocean_menu_social_links_color":"","ocean_menu_social_hover_links_color":"","ocean_disable_title":"on","ocean_disable_heading":"default","ocean_post_title":"","ocean_post_subheading":"","ocean_post_title_style":"","ocean_post_title_background_color":"","ocean_post_title_background":0,"ocean_post_title_bg_image_position":"","ocean_post_title_bg_image_attachment":"","ocean_post_title_bg_image_repeat":"","ocean_post_title_bg_image_size":"","ocean_post_title_height":0,"ocean_post_title_bg_overlay":0.5,"ocean_post_title_bg_overlay_color":"","ocean_disable_breadcrumbs":"off","ocean_breadcrumbs_color":"","ocean_breadcrumbs_separator_color":"","ocean_breadcrumbs_links_color":"","ocean_breadcrumbs_links_hover_color":"","ocean_display_footer_widgets":"off","ocean_display_footer_bottom":"default","ocean_custom_footer_template":"0","footnotes":""},"class_list":["post-105","page","type-page","status-publish","hentry","entry"],"yoast_head":"<!-- This site is optimized with the Yoast SEO plugin v27.5 - https:\/\/yoast.com\/product\/yoast-seo-wordpress\/ -->\n<title>Atelier Enfants - Le Comptoir Des Passions<\/title>\n<meta name=\"robots\" content=\"index, follow, max-snippet:-1, max-image-preview:large, max-video-preview:-1\" \/>\n<link rel=\"canonical\" href=\"https:\/\/www.lecomptoirdespassions.com\/?page_id=105\" \/>\n<meta property=\"og:locale\" content=\"fr_FR\" \/>\n<meta property=\"og:type\" content=\"article\" \/>\n<meta property=\"og:title\" content=\"Atelier Enfants - Le Comptoir Des Passions\" \/>\n<meta property=\"og:description\" content=\"Menu Accueil Espaces de ventes Mat\u00e9riels &#038; Accessoires Atelier Enfants Atelier Adultes R\u00e9alisations Planning Contact Voici l&rsquo;atelier pour les enfants Il est au m\u00eame niveau que le magasin ce qui permet d&rsquo;\u00e9changer facilement\u00a0\" \/>\n<meta property=\"og:url\" content=\"https:\/\/www.lecomptoirdespassions.com\/?page_id=105\" \/>\n<meta property=\"og:site_name\" content=\"Le Comptoir Des Passions\" \/>\n<meta property=\"article:publisher\" content=\"https:\/\/www.facebook.com\/profile.php?id=100088992353962\" \/>\n<meta property=\"article:modified_time\" content=\"2023-09-04T10:35:16+00:00\" \/>\n<meta property=\"og:image\" content=\"http:\/\/ugsckls.cluster021.hosting.ovh.net\/wp-content\/uploads\/2023\/08\/cropped-Logo-LCDP-2023-1-e1693410491238.jpeg\" \/>\n<meta name=\"twitter:card\" content=\"summary_large_image\" \/>\n<script type=\"application\/ld+json\" class=\"yoast-schema-graph\">{\"@context\":\"https:\\\/\\\/schema.org\",\"@graph\":[{\"@type\":\"WebPage\",\"@id\":\"https:\\\/\\\/www.lecomptoirdespassions.com\\\/?page_id=105\",\"url\":\"https:\\\/\\\/www.lecomptoirdespassions.com\\\/?page_id=105\",\"name\":\"Atelier Enfants - Le Comptoir Des Passions\",\"isPartOf\":{\"@id\":\"https:\\\/\\\/www.lecomptoirdespassions.com\\\/#website\"},\"primaryImageOfPage\":{\"@id\":\"https:\\\/\\\/www.lecomptoirdespassions.com\\\/?page_id=105#primaryimage\"},\"image\":{\"@id\":\"https:\\\/\\\/www.lecomptoirdespassions.com\\\/?page_id=105#primaryimage\"},\"thumbnailUrl\":\"http:\\\/\\\/ugsckls.cluster021.hosting.ovh.net\\\/wp-content\\\/uploads\\\/2023\\\/08\\\/cropped-Logo-LCDP-2023-1-e1693410491238.jpeg\",\"datePublished\":\"2023-08-30T13:02:59+00:00\",\"dateModified\":\"2023-09-04T10:35:16+00:00\",\"breadcrumb\":{\"@id\":\"https:\\\/\\\/www.lecomptoirdespassions.com\\\/?page_id=105#breadcrumb\"},\"inLanguage\":\"fr-FR\",\"potentialAction\":[{\"@type\":\"ReadAction\",\"target\":[\"https:\\\/\\\/www.lecomptoirdespassions.com\\\/?page_id=105\"]}]},{\"@type\":\"ImageObject\",\"inLanguage\":\"fr-FR\",\"@id\":\"https:\\\/\\\/www.lecomptoirdespassions.com\\\/?page_id=105#primaryimage\",\"url\":\"http:\\\/\\\/ugsckls.cluster021.hosting.ovh.net\\\/wp-content\\\/uploads\\\/2023\\\/08\\\/cropped-Logo-LCDP-2023-1-e1693410491238.jpeg\",\"contentUrl\":\"http:\\\/\\\/ugsckls.cluster021.hosting.ovh.net\\\/wp-content\\\/uploads\\\/2023\\\/08\\\/cropped-Logo-LCDP-2023-1-e1693410491238.jpeg\"},{\"@type\":\"BreadcrumbList\",\"@id\":\"https:\\\/\\\/www.lecomptoirdespassions.com\\\/?page_id=105#breadcrumb\",\"itemListElement\":[{\"@type\":\"ListItem\",\"position\":1,\"name\":\"Accueil\",\"item\":\"https:\\\/\\\/www.lecomptoirdespassions.com\\\/\"},{\"@type\":\"ListItem\",\"position\":2,\"name\":\"Atelier Enfants\"}]},{\"@type\":\"WebSite\",\"@id\":\"https:\\\/\\\/www.lecomptoirdespassions.com\\\/#website\",\"url\":\"https:\\\/\\\/www.lecomptoirdespassions.com\\\/\",\"name\":\"Le Comptoir Des Passions\",\"description\":\"Tous pour les loisirs cr\u00e9atifs\",\"publisher\":{\"@id\":\"https:\\\/\\\/www.lecomptoirdespassions.com\\\/#organization\"},\"potentialAction\":[{\"@type\":\"SearchAction\",\"target\":{\"@type\":\"EntryPoint\",\"urlTemplate\":\"https:\\\/\\\/www.lecomptoirdespassions.com\\\/?s={search_term_string}\"},\"query-input\":{\"@type\":\"PropertyValueSpecification\",\"valueRequired\":true,\"valueName\":\"search_term_string\"}}],\"inLanguage\":\"fr-FR\"},{\"@type\":\"Organization\",\"@id\":\"https:\\\/\\\/www.lecomptoirdespassions.com\\\/#organization\",\"name\":\"Le Comptoir Des Passions\",\"url\":\"https:\\\/\\\/www.lecomptoirdespassions.com\\\/\",\"logo\":{\"@type\":\"ImageObject\",\"inLanguage\":\"fr-FR\",\"@id\":\"https:\\\/\\\/www.lecomptoirdespassions.com\\\/#\\\/schema\\\/logo\\\/image\\\/\",\"url\":\"https:\\\/\\\/www.lecomptoirdespassions.com\\\/wp-content\\\/uploads\\\/2023\\\/08\\\/cropped-Logo-LCDP-2023.jpeg\",\"contentUrl\":\"https:\\\/\\\/www.lecomptoirdespassions.com\\\/wp-content\\\/uploads\\\/2023\\\/08\\\/cropped-Logo-LCDP-2023.jpeg\",\"width\":512,\"height\":512,\"caption\":\"Le Comptoir Des Passions\"},\"image\":{\"@id\":\"https:\\\/\\\/www.lecomptoirdespassions.com\\\/#\\\/schema\\\/logo\\\/image\\\/\"},\"sameAs\":[\"https:\\\/\\\/www.facebook.com\\\/profile.php?id=100088992353962\"]}]}<\/script>\n<!-- \/ Yoast SEO plugin. -->","yoast_head_json":{"title":"Atelier Enfants - Le Comptoir Des Passions","robots":{"index":"index","follow":"follow","max-snippet":"max-snippet:-1","max-image-preview":"max-image-preview:large","max-video-preview":"max-video-preview:-1"},"canonical":"https:\/\/www.lecomptoirdespassions.com\/?page_id=105","og_locale":"fr_FR","og_type":"article","og_title":"Atelier Enfants - Le Comptoir Des Passions","og_description":"Menu Accueil Espaces de ventes Mat\u00e9riels &#038; Accessoires Atelier Enfants Atelier Adultes R\u00e9alisations Planning Contact Voici l&rsquo;atelier pour les enfants Il est au m\u00eame niveau que le magasin ce qui permet d&rsquo;\u00e9changer facilement\u00a0","og_url":"https:\/\/www.lecomptoirdespassions.com\/?page_id=105","og_site_name":"Le Comptoir Des Passions","article_publisher":"https:\/\/www.facebook.com\/profile.php?id=100088992353962","article_modified_time":"2023-09-04T10:35:16+00:00","og_image":[{"url":"http:\/\/ugsckls.cluster021.hosting.ovh.net\/wp-content\/uploads\/2023\/08\/cropped-Logo-LCDP-2023-1-e1693410491238.jpeg","type":"","width":"","height":""}],"twitter_card":"summary_large_image","schema":{"@context":"https:\/\/schema.org","@graph":[{"@type":"WebPage","@id":"https:\/\/www.lecomptoirdespassions.com\/?page_id=105","url":"https:\/\/www.lecomptoirdespassions.com\/?page_id=105","name":"Atelier Enfants - Le Comptoir Des Passions","isPartOf":{"@id":"https:\/\/www.lecomptoirdespassions.com\/#website"},"primaryImageOfPage":{"@id":"https:\/\/www.lecomptoirdespassions.com\/?page_id=105#primaryimage"},"image":{"@id":"https:\/\/www.lecomptoirdespassions.com\/?page_id=105#primaryimage"},"thumbnailUrl":"http:\/\/ugsckls.cluster021.hosting.ovh.net\/wp-content\/uploads\/2023\/08\/cropped-Logo-LCDP-2023-1-e1693410491238.jpeg","datePublished":"2023-08-30T13:02:59+00:00","dateModified":"2023-09-04T10:35:16+00:00","breadcrumb":{"@id":"https:\/\/www.lecomptoirdespassions.com\/?page_id=105#breadcrumb"},"inLanguage":"fr-FR","potentialAction":[{"@type":"ReadAction","target":["https:\/\/www.lecomptoirdespassions.com\/?page_id=105"]}]},{"@type":"ImageObject","inLanguage":"fr-FR","@id":"https:\/\/www.lecomptoirdespassions.com\/?page_id=105#primaryimage","url":"http:\/\/ugsckls.cluster021.hosting.ovh.net\/wp-content\/uploads\/2023\/08\/cropped-Logo-LCDP-2023-1-e1693410491238.jpeg","contentUrl":"http:\/\/ugsckls.cluster021.hosting.ovh.net\/wp-content\/uploads\/2023\/08\/cropped-Logo-LCDP-2023-1-e1693410491238.jpeg"},{"@type":"BreadcrumbList","@id":"https:\/\/www.lecomptoirdespassions.com\/?page_id=105#breadcrumb","itemListElement":[{"@type":"ListItem","position":1,"name":"Accueil","item":"https:\/\/www.lecomptoirdespassions.com\/"},{"@type":"ListItem","position":2,"name":"Atelier Enfants"}]},{"@type":"WebSite","@id":"https:\/\/www.lecomptoirdespassions.com\/#website","url":"https:\/\/www.lecomptoirdespassions.com\/","name":"Le Comptoir Des Passions","description":"Tous pour les loisirs cr\u00e9atifs","publisher":{"@id":"https:\/\/www.lecomptoirdespassions.com\/#organization"},"potentialAction":[{"@type":"SearchAction","target":{"@type":"EntryPoint","urlTemplate":"https:\/\/www.lecomptoirdespassions.com\/?s={search_term_string}"},"query-input":{"@type":"PropertyValueSpecification","valueRequired":true,"valueName":"search_term_string"}}],"inLanguage":"fr-FR"},{"@type":"Organization","@id":"https:\/\/www.lecomptoirdespassions.com\/#organization","name":"Le Comptoir Des Passions","url":"https:\/\/www.lecomptoirdespassions.com\/","logo":{"@type":"ImageObject","inLanguage":"fr-FR","@id":"https:\/\/www.lecomptoirdespassions.com\/#\/schema\/logo\/image\/","url":"https:\/\/www.lecomptoirdespassions.com\/wp-content\/uploads\/2023\/08\/cropped-Logo-LCDP-2023.jpeg","contentUrl":"https:\/\/www.lecomptoirdespassions.com\/wp-content\/uploads\/2023\/08\/cropped-Logo-LCDP-2023.jpeg","width":512,"height":512,"caption":"Le Comptoir Des Passions"},"image":{"@id":"https:\/\/www.lecomptoirdespassions.com\/#\/schema\/logo\/image\/"},"sameAs":["https:\/\/www.facebook.com\/profile.php?id=100088992353962"]}]}},"_links":{"self":[{"href":"https:\/\/www.lecomptoirdespassions.com\/index.php?rest_route=\/wp\/v2\/pages\/105","targetHints":{"allow":["GET"]}}],"collection":[{"href":"https:\/\/www.lecomptoirdespassions.com\/index.php?rest_route=\/wp\/v2\/pages"}],"about":[{"href":"https:\/\/www.lecomptoirdespassions.com\/index.php?rest_route=\/wp\/v2\/types\/page"}],"author":[{"embeddable":true,"href":"https:\/\/www.lecomptoirdespassions.com\/index.php?rest_route=\/wp\/v2\/users\/1"}],"replies":[{"embeddable":true,"href":"https:\/\/www.lecomptoirdespassions.com\/index.php?rest_route=%2Fwp%2Fv2%2Fcomments&post=105"}],"version-history":[{"count":48,"href":"https:\/\/www.lecomptoirdespassions.com\/index.php?rest_route=\/wp\/v2\/pages\/105\/revisions"}],"predecessor-version":[{"id":692,"href":"https:\/\/www.lecomptoirdespassions.com\/index.php?rest_route=\/wp\/v2\/pages\/105\/revisions\/692"}],"wp:attachment":[{"href":"https:\/\/www.lecomptoirdespassions.com\/index.php?rest_route=%2Fwp%2Fv2%2Fmedia&parent=105"}],"curies":[{"name":"wp","href":"https:\/\/api.w.org\/{rel}","templated":true}]}}